{"id":36593,"date":"2026-03-27T00:00:46","date_gmt":"2026-03-26T23:00:46","guid":{"rendered":"https:\/\/shopkosmima.com\/product\/orecchini-fatima\/"},"modified":"2026-03-26T23:37:20","modified_gmt":"2026-03-26T22:37:20","slug":"orecchini-fatima","status":"publish","type":"product","link":"https:\/\/shopkosmima.com\/it\/prodotto\/orecchini-fatima\/","title":{"rendered":"Orecchini Fatima"},"content":{"rendered":"","protected":false},"excerpt":{"rendered":"<p>Orecchini pendenti con perle barocche e cristalli, luminosi e ricchi di personalit\u00e0. Ogni perla \u00e8 unica e pu\u00f2 presentare leggere variazioni di colore rispetto alla foto, rendendo ogni coppia davvero irripetibile. Un design raffinato e d\u2019impatto.<\/p>\n<p>Realizzati in lega di argento e rame, doratura 22 carati.<\/p>\n","protected":false},"featured_media":31961,"template":"","meta":[],"product_brand":[],"product_cat":[233,234,227,302,225],"product_tag":[],"class_list":{"0":"post-36593","1":"product","2":"type-product","3":"status-publish","4":"has-post-thumbnail","6":"product_cat-a-clip","7":"product_cat-con-perno","8":"product_cat-orecchini","9":"product_cat-pendenti-it","10":"product_cat-senza-categoria","11":"pa_choose-an-option-cristallo-naturale","12":"pa_choose-an-option-perle-di-fiume-naturali","14":"first","15":"instock","16":"taxable","17":"shipping-taxable","18":"purchasable","19":"product-type-simple"},"_links":{"self":[{"href":"https:\/\/shopkosmima.com\/it\/wp-json\/wp\/v2\/product\/36593","targetHints":{"allow":["GET"]}}],"collection":[{"href":"https:\/\/shopkosmima.com\/it\/wp-json\/wp\/v2\/product"}],"about":[{"href":"https:\/\/shopkosmima.com\/it\/wp-json\/wp\/v2\/types\/product"}],"version-history":[{"count":1,"href":"https:\/\/shopkosmima.com\/it\/wp-json\/wp\/v2\/product\/36593\/revisions"}],"predecessor-version":[{"id":37485,"href":"https:\/\/shopkosmima.com\/it\/wp-json\/wp\/v2\/product\/36593\/revisions\/37485"}],"wp:featuredmedia":[{"embeddable":true,"href":"https:\/\/shopkosmima.com\/it\/wp-json\/wp\/v2\/media\/31961"}],"wp:attachment":[{"href":"https:\/\/shopkosmima.com\/it\/wp-json\/wp\/v2\/media?parent=36593"}],"wp:term":[{"taxonomy":"product_brand","embeddable":true,"href":"https:\/\/shopkosmima.com\/it\/wp-json\/wp\/v2\/product_brand?post=36593"},{"taxonomy":"product_cat","embeddable":true,"href":"https:\/\/shopkosmima.com\/it\/wp-json\/wp\/v2\/product_cat?post=36593"},{"taxonomy":"product_tag","embeddable":true,"href":"https:\/\/shopkosmima.com\/it\/wp-json\/wp\/v2\/product_tag?post=36593"}],"curies":[{"name":"wp","href":"https:\/\/api.w.org\/{rel}","templated":true}]}}