{"id":39628,"date":"2026-04-11T12:38:52","date_gmt":"2026-04-11T10:38:52","guid":{"rendered":"https:\/\/shopkosmima.com\/product\/pendente-diana\/"},"modified":"2026-04-16T10:44:44","modified_gmt":"2026-04-16T08:44:44","slug":"pendente-diana","status":"publish","type":"product","link":"https:\/\/shopkosmima.com\/it\/prodotto\/pendente-diana\/","title":{"rendered":"Pendente Diana"},"content":{"rendered":"","protected":false},"excerpt":{"rendered":"<p>Pendente Diana con pasta vitrea incisa, in una calda tonalit\u00e0 terra, raffigurante la dea della caccia e della natura selvaggia. Figura indipendente e protettrice, Diana \u00e8 simbolo di forza femminile, istinto e libert\u00e0. I dettagli e le geometrie richiamano antichi ornamenti, tra equilibrio e carattere.<\/p>\n<p>Un gioiello che porta con s\u00e9 un\u2019energia arcaica e decisa.<\/p>\n<div class=\"woocommerce-product-details__short-description\">\n<p class=\"p1\">Realizzato in argento 925, placcato oro 22 carati.<\/p>\n<\/div>\n","protected":false},"featured_media":40053,"template":"","meta":[],"product_brand":[],"product_cat":[484,228,406,225],"product_tag":[479],"class_list":{"0":"post-39628","1":"product","2":"type-product","3":"status-publish","4":"has-post-thumbnail","6":"product_cat-pasta-vitrea","7":"product_cat-pendenti","8":"product_cat-rhea","9":"product_cat-senza-categoria","10":"product_tag-16-april-drop","11":"pa_choose-an-option-cristallo","13":"first","14":"instock","15":"taxable","16":"shipping-taxable","17":"purchasable","18":"product-type-simple"},"_links":{"self":[{"href":"https:\/\/shopkosmima.com\/it\/wp-json\/wp\/v2\/product\/39628","targetHints":{"allow":["GET"]}}],"collection":[{"href":"https:\/\/shopkosmima.com\/it\/wp-json\/wp\/v2\/product"}],"about":[{"href":"https:\/\/shopkosmima.com\/it\/wp-json\/wp\/v2\/types\/product"}],"version-history":[{"count":1,"href":"https:\/\/shopkosmima.com\/it\/wp-json\/wp\/v2\/product\/39628\/revisions"}],"predecessor-version":[{"id":40046,"href":"https:\/\/shopkosmima.com\/it\/wp-json\/wp\/v2\/product\/39628\/revisions\/40046"}],"wp:featuredmedia":[{"embeddable":true,"href":"https:\/\/shopkosmima.com\/it\/wp-json\/wp\/v2\/media\/40053"}],"wp:attachment":[{"href":"https:\/\/shopkosmima.com\/it\/wp-json\/wp\/v2\/media?parent=39628"}],"wp:term":[{"taxonomy":"product_brand","embeddable":true,"href":"https:\/\/shopkosmima.com\/it\/wp-json\/wp\/v2\/product_brand?post=39628"},{"taxonomy":"product_cat","embeddable":true,"href":"https:\/\/shopkosmima.com\/it\/wp-json\/wp\/v2\/product_cat?post=39628"},{"taxonomy":"product_tag","embeddable":true,"href":"https:\/\/shopkosmima.com\/it\/wp-json\/wp\/v2\/product_tag?post=39628"}],"curies":[{"name":"wp","href":"https:\/\/api.w.org\/{rel}","templated":true}]}}