{"id":39816,"date":"2026-04-09T15:00:02","date_gmt":"2026-04-09T13:00:02","guid":{"rendered":"https:\/\/shopkosmima.com\/product\/pendente-veritas\/"},"modified":"2026-04-09T15:00:02","modified_gmt":"2026-04-09T13:00:02","slug":"pendente-veritas","status":"publish","type":"product","link":"https:\/\/shopkosmima.com\/it\/prodotto\/pendente-veritas\/","title":{"rendered":"Pendente Veritas"},"content":{"rendered":"","protected":false},"excerpt":{"rendered":"<p>Pendente ispirato alla Bocca della Verit\u00e0, uno dei simboli pi\u00f9 iconici di Roma. Nata come elemento architettonico, \u00e8 diventata nel tempo un oggetto legato all\u2019idea di verit\u00e0 e giudizio.<\/p>\n<p>Un dettaglio riconoscibile e senza tempo.<\/p>\n<p>Realizzato con repliche in rame di monete dell\u2019antica Roma.<\/p>\n<p>Realizzato in argento 925, placcato in oro 22 carati.<\/p>\n","protected":false},"featured_media":39942,"template":"","meta":[],"product_brand":[],"product_cat":[485,228,406,225],"product_tag":[479],"class_list":{"0":"post-39816","1":"product","2":"type-product","3":"status-publish","4":"has-post-thumbnail","6":"product_cat-monete-romaniche","7":"product_cat-pendenti","8":"product_cat-rhea","9":"product_cat-senza-categoria","10":"product_tag-16-april-drop","11":"pa_choose-an-option-senza-pietra","13":"first","14":"instock","15":"taxable","16":"shipping-taxable","17":"purchasable","18":"product-type-simple"},"_links":{"self":[{"href":"https:\/\/shopkosmima.com\/it\/wp-json\/wp\/v2\/product\/39816","targetHints":{"allow":["GET"]}}],"collection":[{"href":"https:\/\/shopkosmima.com\/it\/wp-json\/wp\/v2\/product"}],"about":[{"href":"https:\/\/shopkosmima.com\/it\/wp-json\/wp\/v2\/types\/product"}],"version-history":[{"count":0,"href":"https:\/\/shopkosmima.com\/it\/wp-json\/wp\/v2\/product\/39816\/revisions"}],"wp:featuredmedia":[{"embeddable":true,"href":"https:\/\/shopkosmima.com\/it\/wp-json\/wp\/v2\/media\/39942"}],"wp:attachment":[{"href":"https:\/\/shopkosmima.com\/it\/wp-json\/wp\/v2\/media?parent=39816"}],"wp:term":[{"taxonomy":"product_brand","embeddable":true,"href":"https:\/\/shopkosmima.com\/it\/wp-json\/wp\/v2\/product_brand?post=39816"},{"taxonomy":"product_cat","embeddable":true,"href":"https:\/\/shopkosmima.com\/it\/wp-json\/wp\/v2\/product_cat?post=39816"},{"taxonomy":"product_tag","embeddable":true,"href":"https:\/\/shopkosmima.com\/it\/wp-json\/wp\/v2\/product_tag?post=39816"}],"curies":[{"name":"wp","href":"https:\/\/api.w.org\/{rel}","templated":true}]}}